{"id":1557,"date":"2026-03-20T12:07:05","date_gmt":"2026-03-20T10:07:05","guid":{"rendered":"https:\/\/kraftworldtools.shop\/ro\/?post_type=product&#038;p=1557"},"modified":"2026-03-20T20:20:22","modified_gmt":"2026-03-20T18:20:22","slug":"statie-de-incarcare-portabila-marstek-m1200-1800w-1030wh","status":"publish","type":"product","link":"https:\/\/kraftworldtools.shop\/ro\/produs\/statie-de-incarcare-portabila-marstek-m1200-1800w-1030wh\/","title":{"rendered":"Sta\u021bie de \u00eenc\u0103rcare portabil\u0103 Marstek M1200 1800W 1030Wh"},"content":{"rendered":"<p>De baz\u0103<br \/>\nTip alimentare<br \/>\nsta\u021bie de \u00eenc\u0103rcare<br \/>\nCaracteristici<br \/>\nUPS \u00eencorporat, \u00eenc\u0103rcare panou solar, \u00eenc\u0103rcare rapid\u0103, afi\u0219aj, Wi-Fi, Bluetooth<br \/>\nVersiune sta\u021bie<br \/>\nEuropean\u0103<br \/>\nForm\u0103 tensiune de ie\u0219ire<br \/>\nund\u0103 sinusoidal\u0103 pur\u0103<br \/>\nPutere<br \/>\nPutere efectiv\u0103 de ie\u0219ire<br \/>\n1800 W<br \/>\nPutere maxim\u0103<br \/>\n3600 W<br \/>\nPutere de \u00eenc\u0103rcare (220 V)<br \/>\nf\u0103r\u0103 date<br \/>\nAlimentare dispozitive<br \/>\nsupraveghere video, electronic\u0103, router, electrocasnice<br \/>\nUSB Tip-C Alimentare<br \/>\n100 W max<br \/>\nBaterie<br \/>\nTip baterie<br \/>\nLFP (fosfat de litiu-fier)<br \/>\nCapacitate baterie<br \/>\n1030 Wh<br \/>\nNum\u0103r de cicluri de \u00eenc\u0103rcare\/desc\u0103rcare<br \/>\n6000<br \/>\nSuport pentru baterii suplimentare<br \/>\nexist\u0103<br \/>\nIntr\u0103ri<br \/>\nTensiune de intrare<br \/>\nAC220V, DC12V<br \/>\nConectori de intrare<br \/>\nDC 12V, port panou solar XT60<br \/>\nIe\u0219iri<br \/>\nTensiune de ie\u0219ire<br \/>\nAC220V, USB-A, USB-C, DC12V, DC<br \/>\nNum\u0103r de prize Schuko (prize Euro)<br \/>\n2<br \/>\nUSB-A Ie\u0219ire<br \/>\nPorturi QC3.0 18W (5V\/3A, 9V\/2A, 12V\/1.5A)<br \/>\nIe\u0219ire USB-C<br \/>\nPD 45 W (5-20 V), PD 5V\/3A, 9V\/3A, 12V\/3A, 15V\/3A, 20V\/5A (100W max)<br \/>\nIe\u0219ire CC 12V<br \/>\n1 port DC5525 12V\/10A 120W, 1 port \u00eenc\u0103rc\u0103tor auto 12V\/10A 120W<br \/>\nIe\u0219ire CC 24V<br \/>\nf\u0103r\u0103 date<br \/>\nIe\u0219ire DC5521<br \/>\nf\u0103r\u0103 date<br \/>\nGeneral<br \/>\nCuloare<br \/>\nalb<br \/>\nDimensiuni totale<br \/>\n400x195x200 mm<br \/>\nGreutate<br \/>\n13 kg<br \/>\nInterval de temperatur\u0103<br \/>\n-10\u00b0C ~ +40\u00b0C<br \/>\nClasa dispozitivului<br \/>\nmedie<\/p>\n","protected":false},"excerpt":{"rendered":"<p>De baz\u0103 Tip alimentare sta\u021bie de \u00eenc\u0103rcare Caracteristici UPS \u00eencorporat, \u00eenc\u0103rcare panou solar, \u00eenc\u0103rcare rapid\u0103, afi\u0219aj, Wi-Fi, Bluetooth Versiune sta\u021bie<\/p>\n","protected":false},"featured_media":1576,"comment_status":"open","ping_status":"closed","template":"","meta":{"iawp_total_views":13},"product_brand":[],"product_cat":[58],"product_tag":[],"class_list":{"0":"post-1557","1":"product","2":"type-product","3":"status-publish","4":"has-post-thumbnail","6":"product_cat-generatoare-baterii-externe","8":"first","9":"instock","10":"sale","11":"shipping-taxable","12":"purchasable","13":"product-type-simple"},"_links":{"self":[{"href":"https:\/\/kraftworldtools.shop\/ro\/wp-json\/wp\/v2\/product\/1557","targetHints":{"allow":["GET"]}}],"collection":[{"href":"https:\/\/kraftworldtools.shop\/ro\/wp-json\/wp\/v2\/product"}],"about":[{"href":"https:\/\/kraftworldtools.shop\/ro\/wp-json\/wp\/v2\/types\/product"}],"replies":[{"embeddable":true,"href":"https:\/\/kraftworldtools.shop\/ro\/wp-json\/wp\/v2\/comments?post=1557"}],"version-history":[{"count":1,"href":"https:\/\/kraftworldtools.shop\/ro\/wp-json\/wp\/v2\/product\/1557\/revisions"}],"predecessor-version":[{"id":1577,"href":"https:\/\/kraftworldtools.shop\/ro\/wp-json\/wp\/v2\/product\/1557\/revisions\/1577"}],"wp:featuredmedia":[{"embeddable":true,"href":"https:\/\/kraftworldtools.shop\/ro\/wp-json\/wp\/v2\/media\/1576"}],"wp:attachment":[{"href":"https:\/\/kraftworldtools.shop\/ro\/wp-json\/wp\/v2\/media?parent=1557"}],"wp:term":[{"taxonomy":"product_brand","embeddable":true,"href":"https:\/\/kraftworldtools.shop\/ro\/wp-json\/wp\/v2\/product_brand?post=1557"},{"taxonomy":"product_cat","embeddable":true,"href":"https:\/\/kraftworldtools.shop\/ro\/wp-json\/wp\/v2\/product_cat?post=1557"},{"taxonomy":"product_tag","embeddable":true,"href":"https:\/\/kraftworldtools.shop\/ro\/wp-json\/wp\/v2\/product_tag?post=1557"}],"curies":[{"name":"wp","href":"https:\/\/api.w.org\/{rel}","templated":true}]}}