{"id":1536,"date":"2026-03-20T12:00:21","date_gmt":"2026-03-20T10:00:21","guid":{"rendered":"https:\/\/kraftworldtools.shop\/ro\/?post_type=product&#038;p=1536"},"modified":"2026-03-20T12:00:21","modified_gmt":"2026-03-20T10:00:21","slug":"foarfece-de-taiat-cu-baterie-kraftworld","status":"publish","type":"product","link":"https:\/\/kraftworldtools.shop\/ro\/produs\/foarfece-de-taiat-cu-baterie-kraftworld\/","title":{"rendered":"FOARFECE DE T\u0102IAT CU BATERIE KRAFTWORLD"},"content":{"rendered":"<p>Foarfece de gr\u0103din\u0103rit u\u0219oare, u\u0219or de utilizat \u0219i versatile, cu o capacitate de t\u0103iere de p\u00e2n\u0103 la 20 mm \u0219i un motor f\u0103r\u0103 perii.<\/p>\n<p>Beneficii:<\/p>\n<p>-Capacitate de t\u0103iere de p\u00e2n\u0103 la 20 mm<\/p>\n<p>-Motor puternic cu induc\u021bie (f\u0103r\u0103 perii)<\/p>\n<p>-Cu dou\u0103 baterii de 8 Ah<\/p>\n<p>-Senzor de protec\u021bie pentru degete<\/p>\n<p>-Selectare progresiv\u0103 a degetelor<\/p>\n<p>-Tensiune (V): 36<\/p>\n<p>-Greutate: 1,5 KG<\/p>\n","protected":false},"excerpt":{"rendered":"<p>Foarfece de gr\u0103din\u0103rit u\u0219oare, u\u0219or de utilizat \u0219i versatile, cu o capacitate de t\u0103iere de p\u00e2n\u0103 la 20 mm \u0219i<\/p>\n","protected":false},"featured_media":1539,"comment_status":"open","ping_status":"closed","template":"","meta":{"iawp_total_views":112},"product_brand":[],"product_cat":[54],"product_tag":[],"class_list":{"0":"post-1536","1":"product","2":"type-product","3":"status-publish","4":"has-post-thumbnail","6":"product_cat-unelte-de-gradina","8":"first","9":"instock","10":"sale","11":"shipping-taxable","12":"purchasable","13":"product-type-simple"},"_links":{"self":[{"href":"https:\/\/kraftworldtools.shop\/ro\/wp-json\/wp\/v2\/product\/1536","targetHints":{"allow":["GET"]}}],"collection":[{"href":"https:\/\/kraftworldtools.shop\/ro\/wp-json\/wp\/v2\/product"}],"about":[{"href":"https:\/\/kraftworldtools.shop\/ro\/wp-json\/wp\/v2\/types\/product"}],"replies":[{"embeddable":true,"href":"https:\/\/kraftworldtools.shop\/ro\/wp-json\/wp\/v2\/comments?post=1536"}],"version-history":[{"count":1,"href":"https:\/\/kraftworldtools.shop\/ro\/wp-json\/wp\/v2\/product\/1536\/revisions"}],"predecessor-version":[{"id":1540,"href":"https:\/\/kraftworldtools.shop\/ro\/wp-json\/wp\/v2\/product\/1536\/revisions\/1540"}],"wp:featuredmedia":[{"embeddable":true,"href":"https:\/\/kraftworldtools.shop\/ro\/wp-json\/wp\/v2\/media\/1539"}],"wp:attachment":[{"href":"https:\/\/kraftworldtools.shop\/ro\/wp-json\/wp\/v2\/media?parent=1536"}],"wp:term":[{"taxonomy":"product_brand","embeddable":true,"href":"https:\/\/kraftworldtools.shop\/ro\/wp-json\/wp\/v2\/product_brand?post=1536"},{"taxonomy":"product_cat","embeddable":true,"href":"https:\/\/kraftworldtools.shop\/ro\/wp-json\/wp\/v2\/product_cat?post=1536"},{"taxonomy":"product_tag","embeddable":true,"href":"https:\/\/kraftworldtools.shop\/ro\/wp-json\/wp\/v2\/product_tag?post=1536"}],"curies":[{"name":"wp","href":"https:\/\/api.w.org\/{rel}","templated":true}]}}