{"id":1529,"date":"2026-03-20T11:57:18","date_gmt":"2026-03-20T09:57:18","guid":{"rendered":"https:\/\/kraftworldtools.shop\/ro\/?post_type=product&#038;p=1529"},"modified":"2026-03-20T11:57:19","modified_gmt":"2026-03-20T09:57:19","slug":"foarfece-de-gradinarit-fara-perii-kraftworld-de-36v-cu-2-baterii-si-diametru-maxim-de-taiere-de-30-mm-in-geanta-de-transport","status":"publish","type":"product","link":"https:\/\/kraftworldtools.shop\/ro\/produs\/foarfece-de-gradinarit-fara-perii-kraftworld-de-36v-cu-2-baterii-si-diametru-maxim-de-taiere-de-30-mm-in-geanta-de-transport\/","title":{"rendered":"Foarfece de gr\u0103din\u0103rit f\u0103r\u0103 perii Kraftworld de 36V cu 2 baterii \u0219i diametru maxim de t\u0103iere de 30 mm \u00een geant\u0103 de transport"},"content":{"rendered":"<p>Foarfece de gr\u0103din\u0103rit Kraftworld de 36V f\u0103r\u0103 perii cu 2 baterii \u0219i diametru maxim de t\u0103iere de 30 mm \u00een geant\u0103 de transport<\/p>\n<p>Afi\u0219aj digital de date (afi\u0219aj procent baterie, num\u0103r de t\u0103ieri)<\/p>\n<p>Deschidere foarfec\u0103: 20-30 mm<\/p>\n<p>Capacitate baterie: 36 V \/ 1500 mAh<\/p>\n<p>Timp de func\u021bionare: 1-2 ore<\/p>\n","protected":false},"excerpt":{"rendered":"<p>Foarfece de gr\u0103din\u0103rit Kraftworld de 36V f\u0103r\u0103 perii cu 2 baterii \u0219i diametru maxim de t\u0103iere de 30 mm \u00een<\/p>\n","protected":false},"featured_media":1531,"comment_status":"open","ping_status":"closed","template":"","meta":{"iawp_total_views":23},"product_brand":[],"product_cat":[54],"product_tag":[],"class_list":{"0":"post-1529","1":"product","2":"type-product","3":"status-publish","4":"has-post-thumbnail","6":"product_cat-unelte-de-gradina","8":"first","9":"instock","10":"sale","11":"shipping-taxable","12":"purchasable","13":"product-type-simple"},"_links":{"self":[{"href":"https:\/\/kraftworldtools.shop\/ro\/wp-json\/wp\/v2\/product\/1529","targetHints":{"allow":["GET"]}}],"collection":[{"href":"https:\/\/kraftworldtools.shop\/ro\/wp-json\/wp\/v2\/product"}],"about":[{"href":"https:\/\/kraftworldtools.shop\/ro\/wp-json\/wp\/v2\/types\/product"}],"replies":[{"embeddable":true,"href":"https:\/\/kraftworldtools.shop\/ro\/wp-json\/wp\/v2\/comments?post=1529"}],"version-history":[{"count":1,"href":"https:\/\/kraftworldtools.shop\/ro\/wp-json\/wp\/v2\/product\/1529\/revisions"}],"predecessor-version":[{"id":1532,"href":"https:\/\/kraftworldtools.shop\/ro\/wp-json\/wp\/v2\/product\/1529\/revisions\/1532"}],"wp:featuredmedia":[{"embeddable":true,"href":"https:\/\/kraftworldtools.shop\/ro\/wp-json\/wp\/v2\/media\/1531"}],"wp:attachment":[{"href":"https:\/\/kraftworldtools.shop\/ro\/wp-json\/wp\/v2\/media?parent=1529"}],"wp:term":[{"taxonomy":"product_brand","embeddable":true,"href":"https:\/\/kraftworldtools.shop\/ro\/wp-json\/wp\/v2\/product_brand?post=1529"},{"taxonomy":"product_cat","embeddable":true,"href":"https:\/\/kraftworldtools.shop\/ro\/wp-json\/wp\/v2\/product_cat?post=1529"},{"taxonomy":"product_tag","embeddable":true,"href":"https:\/\/kraftworldtools.shop\/ro\/wp-json\/wp\/v2\/product_tag?post=1529"}],"curies":[{"name":"wp","href":"https:\/\/api.w.org\/{rel}","templated":true}]}}