{"id":1522,"date":"2026-03-20T11:55:40","date_gmt":"2026-03-20T09:55:40","guid":{"rendered":"https:\/\/kraftworldtools.shop\/ro\/?post_type=product&#038;p=1522"},"modified":"2026-03-20T11:55:41","modified_gmt":"2026-03-20T09:55:41","slug":"prelata-impermeabila-190gr-m%c2%b2-8x12m-alba-rezistenta","status":"publish","type":"product","link":"https:\/\/kraftworldtools.shop\/ro\/produs\/prelata-impermeabila-190gr-m%c2%b2-8x12m-alba-rezistenta\/","title":{"rendered":"Prelat\u0103 impermeabil\u0103 190GR\/M\u00b2 8X12M, alb\u0103, rezistent\u0103"},"content":{"rendered":"<p>Prelat\u0103 impermeabil\u0103 de 8 metri l\u0103\u021bime \u0219i 12 metri lungime, de culoare alb\u0103. Este fabricat\u0103 dintr-un amestec de materiale pe baz\u0103 de nailon, PVC \u0219i polietilen\u0103. Greutatea materialului este de 190gr\/m\u00b2, ceea ce o face o prelat\u0103 rezistent\u0103, care ofer\u0103 rezisten\u021b\u0103 la impacturi, abraziuni \u0219i, \u00een general, la fenomenele meteorologice. Datorit\u0103 greut\u0103\u021bii materialului s\u0103u, pre\u021bul difer\u0103 semnificativ \u0219i \u00een compara\u021bie cu o prelat\u0103 u\u0219oar\u0103.<\/p>\n<p>Versatil<\/p>\n<p>Prelata este versatil\u0103, av\u00e2nd diverse utiliz\u0103ri at\u00e2t \u00een \u200b\u200bexterior, c\u00e2t \u0219i \u00een interior. Poate fi folosit\u0103 pentru a acoperi mobilierul de gr\u0103din\u0103, \u0219oproanele pentru lemne de foc, remorcile, ma\u0219inile, b\u0103rcile, materialele de construc\u021bie \u0219i alte materiale, dar \u0219i ca acoperire pentru remorci deschise \u0219i semicamioane sau ca acoperire a solului \u00een camping, oferind \u00een acela\u0219i timp protec\u021bie \u00eempotriva elementelor naturii. Are inele de sus\u021binere \u00een jurul perimetrului, pentru o plasare \u0219i o sus\u021binere mai bune \u0219i mai stabile.<\/p>\n","protected":false},"excerpt":{"rendered":"<p>Prelat\u0103 impermeabil\u0103 de 8 metri l\u0103\u021bime \u0219i 12 metri lungime, de culoare alb\u0103. Este fabricat\u0103 dintr-un amestec de materiale pe<\/p>\n","protected":false},"featured_media":1527,"comment_status":"open","ping_status":"closed","template":"","meta":{"iawp_total_views":25},"product_brand":[],"product_cat":[19],"product_tag":[],"class_list":{"0":"post-1522","1":"product","2":"type-product","3":"status-publish","4":"has-post-thumbnail","6":"product_cat-fara-categorie","8":"first","9":"instock","10":"sale","11":"shipping-taxable","12":"purchasable","13":"product-type-simple"},"_links":{"self":[{"href":"https:\/\/kraftworldtools.shop\/ro\/wp-json\/wp\/v2\/product\/1522","targetHints":{"allow":["GET"]}}],"collection":[{"href":"https:\/\/kraftworldtools.shop\/ro\/wp-json\/wp\/v2\/product"}],"about":[{"href":"https:\/\/kraftworldtools.shop\/ro\/wp-json\/wp\/v2\/types\/product"}],"replies":[{"embeddable":true,"href":"https:\/\/kraftworldtools.shop\/ro\/wp-json\/wp\/v2\/comments?post=1522"}],"version-history":[{"count":1,"href":"https:\/\/kraftworldtools.shop\/ro\/wp-json\/wp\/v2\/product\/1522\/revisions"}],"predecessor-version":[{"id":1528,"href":"https:\/\/kraftworldtools.shop\/ro\/wp-json\/wp\/v2\/product\/1522\/revisions\/1528"}],"wp:featuredmedia":[{"embeddable":true,"href":"https:\/\/kraftworldtools.shop\/ro\/wp-json\/wp\/v2\/media\/1527"}],"wp:attachment":[{"href":"https:\/\/kraftworldtools.shop\/ro\/wp-json\/wp\/v2\/media?parent=1522"}],"wp:term":[{"taxonomy":"product_brand","embeddable":true,"href":"https:\/\/kraftworldtools.shop\/ro\/wp-json\/wp\/v2\/product_brand?post=1522"},{"taxonomy":"product_cat","embeddable":true,"href":"https:\/\/kraftworldtools.shop\/ro\/wp-json\/wp\/v2\/product_cat?post=1522"},{"taxonomy":"product_tag","embeddable":true,"href":"https:\/\/kraftworldtools.shop\/ro\/wp-json\/wp\/v2\/product_tag?post=1522"}],"curies":[{"name":"wp","href":"https:\/\/api.w.org\/{rel}","templated":true}]}}