{"id":1501,"date":"2026-03-20T11:45:58","date_gmt":"2026-03-20T09:45:58","guid":{"rendered":"https:\/\/kraftworldtools.shop\/ro\/?post_type=product&#038;p=1501"},"modified":"2026-03-21T17:12:20","modified_gmt":"2026-03-21T15:12:20","slug":"masina-de-gaurit-cu-impact-fara-fir-kraftworld-kfw-36v-cu-2-baterii-galbena-cu-trusa-de-scule","status":"publish","type":"product","link":"https:\/\/kraftworldtools.shop\/ro\/produs\/masina-de-gaurit-cu-impact-fara-fir-kraftworld-kfw-36v-cu-2-baterii-galbena-cu-trusa-de-scule\/","title":{"rendered":"Ma\u0219in\u0103 de g\u0103urit cu impact f\u0103r\u0103 fir KraftWorld KFW-36V cu 2 baterii, galben\u0103, cu trus\u0103 de scule"},"content":{"rendered":"<p>\u0218urubelni\u021ba de impact f\u0103r\u0103 fir KraftWorld KFW-36V-YL este alegerea ideal\u0103 pentru cei care caut\u0103 o unealt\u0103 puternic\u0103, fiabil\u0103 \u0219i multifunc\u021bional\u0103. Conceput\u0103 pentru a face fa\u021b\u0103 oric\u0103rei provoc\u0103ri, KFW-36V ofer\u0103 performan\u021be excelente \u0219i versatilitate pentru o gam\u0103 larg\u0103 de aplica\u021bii.<\/p>\n<p>CARACTERISTICI:<\/p>\n<p>Mandrin\u0103 f\u0103r\u0103 cheie de 10 mm: Ofer\u0103 schimbarea rapid\u0103 \u0219i u\u0219oar\u0103 a burghielor \u0219i \u0219urubelni\u021belor.<\/p>\n<p>Impacturi: Lent 0-7040min^-1, Rapid 1-26400min^-1<\/p>\n<p>Reglarea cuplului: 20+1: Permite reglarea precis\u0103 a cuplului pentru diferite materiale \u0219i aplica\u021bii.<\/p>\n<p>Cuplu: p\u00e2n\u0103 la 30 N: Ofer\u0103 for\u021ba necesar\u0103 pentru a finaliza sarcinile cu u\u0219urin\u021b\u0103.<\/p>\n<p>Mandrin\u0103 automat\u0103: 10 mm: Pentru schimbarea rapid\u0103 \u0219i sigur\u0103 a accesoriilor.<\/p>\n<p>2 viteze: Lent 0-710min^-1, Rapid 0-2040min^-1: Pentru a regla viteza \u00een func\u021bie de sarcin\u0103.<\/p>\n<p>Comutator de vitez\u0103 variabil\u0103: Permite controlul precis al vitezei. M\u00e2ner ergonomic moale: Ofer\u0103 confort \u0219i o prindere ferm\u0103 \u00een timpul utiliz\u0103rii.<\/p>\n","protected":false},"excerpt":{"rendered":"<p>\u0218urubelni\u021ba de impact f\u0103r\u0103 fir KraftWorld KFW-36V-YL este alegerea ideal\u0103 pentru cei care caut\u0103 o unealt\u0103 puternic\u0103, fiabil\u0103 \u0219i multifunc\u021bional\u0103.<\/p>\n","protected":false},"featured_media":1505,"comment_status":"open","ping_status":"closed","template":"","meta":{"iawp_total_views":147},"product_brand":[],"product_cat":[53],"product_tag":[],"class_list":{"0":"post-1501","1":"product","2":"type-product","3":"status-publish","4":"has-post-thumbnail","6":"product_cat-scule-electrice","8":"first","9":"instock","10":"sale","11":"shipping-taxable","12":"purchasable","13":"product-type-simple"},"_links":{"self":[{"href":"https:\/\/kraftworldtools.shop\/ro\/wp-json\/wp\/v2\/product\/1501","targetHints":{"allow":["GET"]}}],"collection":[{"href":"https:\/\/kraftworldtools.shop\/ro\/wp-json\/wp\/v2\/product"}],"about":[{"href":"https:\/\/kraftworldtools.shop\/ro\/wp-json\/wp\/v2\/types\/product"}],"replies":[{"embeddable":true,"href":"https:\/\/kraftworldtools.shop\/ro\/wp-json\/wp\/v2\/comments?post=1501"}],"version-history":[{"count":1,"href":"https:\/\/kraftworldtools.shop\/ro\/wp-json\/wp\/v2\/product\/1501\/revisions"}],"predecessor-version":[{"id":1506,"href":"https:\/\/kraftworldtools.shop\/ro\/wp-json\/wp\/v2\/product\/1501\/revisions\/1506"}],"wp:featuredmedia":[{"embeddable":true,"href":"https:\/\/kraftworldtools.shop\/ro\/wp-json\/wp\/v2\/media\/1505"}],"wp:attachment":[{"href":"https:\/\/kraftworldtools.shop\/ro\/wp-json\/wp\/v2\/media?parent=1501"}],"wp:term":[{"taxonomy":"product_brand","embeddable":true,"href":"https:\/\/kraftworldtools.shop\/ro\/wp-json\/wp\/v2\/product_brand?post=1501"},{"taxonomy":"product_cat","embeddable":true,"href":"https:\/\/kraftworldtools.shop\/ro\/wp-json\/wp\/v2\/product_cat?post=1501"},{"taxonomy":"product_tag","embeddable":true,"href":"https:\/\/kraftworldtools.shop\/ro\/wp-json\/wp\/v2\/product_tag?post=1501"}],"curies":[{"name":"wp","href":"https:\/\/api.w.org\/{rel}","templated":true}]}}