{"id":1498,"date":"2026-03-20T11:43:40","date_gmt":"2026-03-20T09:43:40","guid":{"rendered":"https:\/\/kraftworldtools.shop\/ro\/?post_type=product&#038;p=1498"},"modified":"2026-03-20T11:43:42","modified_gmt":"2026-03-20T09:43:42","slug":"suflanta-reincarcabila","status":"publish","type":"product","link":"https:\/\/kraftworldtools.shop\/ro\/produs\/suflanta-reincarcabila\/","title":{"rendered":"Suflant\u0103 re\u00eenc\u0103rcabil\u0103"},"content":{"rendered":"<p>Suflant\u0103 cu baterie re\u00eenc\u0103rcabil\u0103. Design u\u0219or de utilizat.<\/p>\n<p>Construc\u021bie de \u00eenalt\u0103 calitate.<\/p>\n<p>Utilizat\u0103 pentru cur\u0103\u021barea zonelor exterioare, cum ar fi gr\u0103dini, drumuri, parcuri \u0219i terase, de frunze c\u0103zute, resturi de gard viu sau gazon \u0219i alte tipuri de murd\u0103rie care pot fi \u00eendep\u0103rtate prin aplicarea de aer, datorit\u0103 u\u0219urin\u021bei de acces pe care o are \u00een locuri \u0219i col\u021buri dificile.<\/p>\n<p>Potrivit\u0103 pentru uz amator \u0219i profesional datorit\u0103 autonomiei sale \u00een alimentare.<\/p>\n<p>Specifica\u021bii tehnice<\/p>\n<p>Baterie 36v<\/p>\n<p>Tensiune \u00eenc\u0103rc\u0103tor 240 V \/ 50 Hz<\/p>\n<p>Vitez\u0103 aer 80 km\/h<\/p>\n<p>Echipament<\/p>\n<p>Motor f\u0103r\u0103 perii.<\/p>\n<p>Control electronic al vitezei.<\/p>\n<p>Comutator turbo pentru performan\u021b\u0103 maxim\u0103.<\/p>\n<p>PRODUSUL ESTE DISPONIBIL F\u0102R\u0102 BATERII.<\/p>\n","protected":false},"excerpt":{"rendered":"<p>Suflant\u0103 cu baterie re\u00eenc\u0103rcabil\u0103. Design u\u0219or de utilizat. Construc\u021bie de \u00eenalt\u0103 calitate. Utilizat\u0103 pentru cur\u0103\u021barea zonelor exterioare, cum ar fi<\/p>\n","protected":false},"featured_media":1499,"comment_status":"open","ping_status":"closed","template":"","meta":{"iawp_total_views":4},"product_brand":[],"product_cat":[55,54],"product_tag":[],"class_list":{"0":"post-1498","1":"product","2":"type-product","3":"status-publish","4":"has-post-thumbnail","6":"product_cat-scule-pneumatice","7":"product_cat-unelte-de-gradina","9":"first","10":"instock","11":"sale","12":"shipping-taxable","13":"purchasable","14":"product-type-simple"},"_links":{"self":[{"href":"https:\/\/kraftworldtools.shop\/ro\/wp-json\/wp\/v2\/product\/1498","targetHints":{"allow":["GET"]}}],"collection":[{"href":"https:\/\/kraftworldtools.shop\/ro\/wp-json\/wp\/v2\/product"}],"about":[{"href":"https:\/\/kraftworldtools.shop\/ro\/wp-json\/wp\/v2\/types\/product"}],"replies":[{"embeddable":true,"href":"https:\/\/kraftworldtools.shop\/ro\/wp-json\/wp\/v2\/comments?post=1498"}],"version-history":[{"count":1,"href":"https:\/\/kraftworldtools.shop\/ro\/wp-json\/wp\/v2\/product\/1498\/revisions"}],"predecessor-version":[{"id":1500,"href":"https:\/\/kraftworldtools.shop\/ro\/wp-json\/wp\/v2\/product\/1498\/revisions\/1500"}],"wp:featuredmedia":[{"embeddable":true,"href":"https:\/\/kraftworldtools.shop\/ro\/wp-json\/wp\/v2\/media\/1499"}],"wp:attachment":[{"href":"https:\/\/kraftworldtools.shop\/ro\/wp-json\/wp\/v2\/media?parent=1498"}],"wp:term":[{"taxonomy":"product_brand","embeddable":true,"href":"https:\/\/kraftworldtools.shop\/ro\/wp-json\/wp\/v2\/product_brand?post=1498"},{"taxonomy":"product_cat","embeddable":true,"href":"https:\/\/kraftworldtools.shop\/ro\/wp-json\/wp\/v2\/product_cat?post=1498"},{"taxonomy":"product_tag","embeddable":true,"href":"https:\/\/kraftworldtools.shop\/ro\/wp-json\/wp\/v2\/product_tag?post=1498"}],"curies":[{"name":"wp","href":"https:\/\/api.w.org\/{rel}","templated":true}]}}