{"id":1481,"date":"2026-03-20T11:32:46","date_gmt":"2026-03-20T09:32:46","guid":{"rendered":"https:\/\/kraftworldtools.shop\/ro\/?post_type=product&#038;p=1481"},"modified":"2026-03-20T11:32:46","modified_gmt":"2026-03-20T09:32:46","slug":"set-de-tuns-iarba-coaca-de-tuns-iarba-reincarcabila-kraftworld-36v-8ah-ferastrau-si-foarfece-de-gradinarit","status":"publish","type":"product","link":"https:\/\/kraftworldtools.shop\/ro\/produs\/set-de-tuns-iarba-coaca-de-tuns-iarba-reincarcabila-kraftworld-36v-8ah-ferastrau-si-foarfece-de-gradinarit\/","title":{"rendered":"Set de tuns iarba\/coac\u0103 de tuns iarba re\u00eenc\u0103rcabil\u0103 Kraftworld 36V\/8Ah, fer\u0103str\u0103u \u0219i foarfece de gr\u0103din\u0103rit"},"content":{"rendered":"<p>Set ma\u0219in\u0103 de tuns iarba \/ tunsoare re\u00eenc\u0103rcabil\u0103, fer\u0103str\u0103u 15 cm. \u0219i Foarfece de gr\u0103din\u0103 Kraftworld 36V\/8Ah<\/p>\n<p>CARACTERISTICI FOARFECE CU BATERIE:<\/p>\n<p>\u2022 Tensiune baterie: 36V<\/p>\n<p>\u2022 Capacitate baterie: 8.0Ah<\/p>\n<p>\u2022 Capacitate maxim\u0103 de t\u0103iere: 33 mm<\/p>\n<p>\u2022 Deschidere maxim\u0103 a forfec\u0103rii: 54 mm<\/p>\n<p>CARACTERISTICI MINI FER\u0102STR\u0102U:<\/p>\n<p>\u2022 Tensiune baterie: 36V<\/p>\n<p>\u2022 Capacitate baterie: 8Ah<\/p>\n<p>\u2022 Lam\u0103: 15 cm<\/p>\n<p>CARACTERISTICI MA\u0218IN\u0102 DE TUNS GARANZ\u0102:<\/p>\n<p>\u2022 Motor: Chetkov<\/p>\n<p>\u2022 Vitez\u0103 de rota\u021bie: 7800 rpm<\/p>\n<p>\u2022 Baterie: Li-Ion 36V \u2013 3 buc\u0103\u021bi \u00een set<\/p>\n<p>\u2022 Capacitate baterie: 8.0 Ah<\/p>\n<p>\u2022 L\u0103\u021bime de t\u0103iere: 26 cm<\/p>\n<p>\u2022 Cap de t\u0103iere: Disc circular, 2 buc\u0103\u021bi lam\u0103 metalic\u0103, 4 buc\u0103\u021bi lam\u0103 din plastic<\/p>\n<p>\u2022 Buton de pornire: Da<\/p>\n<p>Timp de func\u021bionare cu baterie complet \u00eenc\u0103rcat\u0103: 40 de minute<\/p>\n<p>SETUL INCLUDE:<\/p>\n<p>\u2022 foarfece de vi\u021b\u0103 de vie<\/p>\n<p>\u2022 Mini baterie fer\u0103str\u0103u cu lan\u021b<\/p>\n<p>\u2022 Ma\u0219in\u0103 de tuns iarba f\u0103r\u0103 fir<\/p>\n<p>\u2022 Lam\u0103 15 cm<\/p>\n<p>\u2022 2 buc\u0103\u021bi de lan\u021b<\/p>\n<p>\u2022 3 baterii<\/p>\n<p>\u2022 \u00cenc\u0103rc\u0103tor<\/p>\n<p>\u2022 Recipient de ulei<\/p>\n<p>\u2022 Scule<\/p>\n","protected":false},"excerpt":{"rendered":"<p>Set ma\u0219in\u0103 de tuns iarba \/ tunsoare re\u00eenc\u0103rcabil\u0103, fer\u0103str\u0103u 15 cm. \u0219i Foarfece de gr\u0103din\u0103 Kraftworld 36V\/8Ah CARACTERISTICI FOARFECE CU<\/p>\n","protected":false},"featured_media":1482,"comment_status":"open","ping_status":"closed","template":"","meta":{"iawp_total_views":91},"product_brand":[],"product_cat":[54],"product_tag":[],"class_list":{"0":"post-1481","1":"product","2":"type-product","3":"status-publish","4":"has-post-thumbnail","6":"product_cat-unelte-de-gradina","8":"first","9":"instock","10":"sale","11":"shipping-taxable","12":"purchasable","13":"product-type-simple"},"_links":{"self":[{"href":"https:\/\/kraftworldtools.shop\/ro\/wp-json\/wp\/v2\/product\/1481","targetHints":{"allow":["GET"]}}],"collection":[{"href":"https:\/\/kraftworldtools.shop\/ro\/wp-json\/wp\/v2\/product"}],"about":[{"href":"https:\/\/kraftworldtools.shop\/ro\/wp-json\/wp\/v2\/types\/product"}],"replies":[{"embeddable":true,"href":"https:\/\/kraftworldtools.shop\/ro\/wp-json\/wp\/v2\/comments?post=1481"}],"version-history":[{"count":1,"href":"https:\/\/kraftworldtools.shop\/ro\/wp-json\/wp\/v2\/product\/1481\/revisions"}],"predecessor-version":[{"id":1483,"href":"https:\/\/kraftworldtools.shop\/ro\/wp-json\/wp\/v2\/product\/1481\/revisions\/1483"}],"wp:featuredmedia":[{"embeddable":true,"href":"https:\/\/kraftworldtools.shop\/ro\/wp-json\/wp\/v2\/media\/1482"}],"wp:attachment":[{"href":"https:\/\/kraftworldtools.shop\/ro\/wp-json\/wp\/v2\/media?parent=1481"}],"wp:term":[{"taxonomy":"product_brand","embeddable":true,"href":"https:\/\/kraftworldtools.shop\/ro\/wp-json\/wp\/v2\/product_brand?post=1481"},{"taxonomy":"product_cat","embeddable":true,"href":"https:\/\/kraftworldtools.shop\/ro\/wp-json\/wp\/v2\/product_cat?post=1481"},{"taxonomy":"product_tag","embeddable":true,"href":"https:\/\/kraftworldtools.shop\/ro\/wp-json\/wp\/v2\/product_tag?post=1481"}],"curies":[{"name":"wp","href":"https:\/\/api.w.org\/{rel}","templated":true}]}}