{"id":1476,"date":"2026-03-20T11:30:04","date_gmt":"2026-03-20T09:30:04","guid":{"rendered":"https:\/\/kraftworldtools.shop\/ro\/?post_type=product&#038;p=1476"},"modified":"2026-03-20T11:30:51","modified_gmt":"2026-03-20T09:30:51","slug":"lama-de-lant-pentru-ferastrau-de-gradinarit-15cm-x1-lant","status":"publish","type":"product","link":"https:\/\/kraftworldtools.shop\/ro\/produs\/lama-de-lant-pentru-ferastrau-de-gradinarit-15cm-x1-lant\/","title":{"rendered":"Lam\u0103 de lan\u021b pentru fer\u0103str\u0103u de gr\u0103din\u0103rit 15cm! x1 lan\u021b"},"content":{"rendered":"<p>Motofer\u0103str\u0103ul este alimentat de o baterie de 36 de vol\u021bi, nu produce gaze de e\u0219apament \u0219i v\u0103 pute\u021bi mi\u0219ca liber, deoarece nu depinde de cabluri \u0219i prize. Timpul de lucru depinde de baterie \u0219i de c\u00e2t de \u00eenc\u0103rcat\u0103 este aceasta. Cu o greutate de 0,9 kg \u0219i o lungime a lamei de 15 cm, lubrifierea manual\u0103 este ideal\u0103 pentru t\u0103ierea copacilor \u0219i sculptarea lemnului.<\/p>\n<p>LUNGIMEA LAMEI 15cm<br \/>\nLUBRIFIERIE LAN\u021a: AYTOMATH<br \/>\nVITEZ\u0102 DE T\u0102IERE: 5m\/sec<br \/>\nM\u00c2NER: moale-antiderapant<br \/>\n\u00ceNTRERUP\u0102TOR DE SIGURAN\u021a\u0102<br \/>\nBATERII: (2) DOU\u0102 BATERII LITIU 36V 8 AH<br \/>\n\u00ceNC\u0102RC\u0102TOR BATERIE<br \/>\nTIMP DE RE\u00ceNC\u0102RCARE: 1-2 ore<br \/>\nAUTOMAN\u021aIE: 80-90 t\u0103ieturi\/baterie (max)<br \/>\nDIAMETRU MAXIM DE T\u0102IERE 15cm de crengi verzi<br \/>\nGREUTATE: 0.900 gr f\u0103r\u0103 baterie<\/p>\n<p>INCLUDE:<br \/>\n1 LAN\u021a<br \/>\n2 BATERII 8AH<br \/>\n\u00ceNC\u0102RC\u0102TOR RAPID<br \/>\nHUS\u0102 DE TRANSPORT<\/p>\n","protected":false},"excerpt":{"rendered":"<p>Motofer\u0103str\u0103ul este alimentat de o baterie de 36 de vol\u021bi, nu produce gaze de e\u0219apament \u0219i v\u0103 pute\u021bi mi\u0219ca liber,<\/p>\n","protected":false},"featured_media":1480,"comment_status":"open","ping_status":"closed","template":"","meta":{"iawp_total_views":9},"product_brand":[],"product_cat":[54],"product_tag":[],"class_list":{"0":"post-1476","1":"product","2":"type-product","3":"status-publish","4":"has-post-thumbnail","6":"product_cat-unelte-de-gradina","8":"first","9":"instock","10":"sale","11":"shipping-taxable","12":"purchasable","13":"product-type-simple"},"_links":{"self":[{"href":"https:\/\/kraftworldtools.shop\/ro\/wp-json\/wp\/v2\/product\/1476","targetHints":{"allow":["GET"]}}],"collection":[{"href":"https:\/\/kraftworldtools.shop\/ro\/wp-json\/wp\/v2\/product"}],"about":[{"href":"https:\/\/kraftworldtools.shop\/ro\/wp-json\/wp\/v2\/types\/product"}],"replies":[{"embeddable":true,"href":"https:\/\/kraftworldtools.shop\/ro\/wp-json\/wp\/v2\/comments?post=1476"}],"version-history":[{"count":1,"href":"https:\/\/kraftworldtools.shop\/ro\/wp-json\/wp\/v2\/product\/1476\/revisions"}],"predecessor-version":[{"id":1477,"href":"https:\/\/kraftworldtools.shop\/ro\/wp-json\/wp\/v2\/product\/1476\/revisions\/1477"}],"wp:featuredmedia":[{"embeddable":true,"href":"https:\/\/kraftworldtools.shop\/ro\/wp-json\/wp\/v2\/media\/1480"}],"wp:attachment":[{"href":"https:\/\/kraftworldtools.shop\/ro\/wp-json\/wp\/v2\/media?parent=1476"}],"wp:term":[{"taxonomy":"product_brand","embeddable":true,"href":"https:\/\/kraftworldtools.shop\/ro\/wp-json\/wp\/v2\/product_brand?post=1476"},{"taxonomy":"product_cat","embeddable":true,"href":"https:\/\/kraftworldtools.shop\/ro\/wp-json\/wp\/v2\/product_cat?post=1476"},{"taxonomy":"product_tag","embeddable":true,"href":"https:\/\/kraftworldtools.shop\/ro\/wp-json\/wp\/v2\/product_tag?post=1476"}],"curies":[{"name":"wp","href":"https:\/\/api.w.org\/{rel}","templated":true}]}}