{"id":1472,"date":"2026-03-20T11:28:01","date_gmt":"2026-03-20T09:28:01","guid":{"rendered":"https:\/\/kraftworldtools.shop\/ro\/?post_type=product&#038;p=1472"},"modified":"2026-03-20T11:28:02","modified_gmt":"2026-03-20T09:28:02","slug":"pistol-cu-aer-cald-cu-regulator-de-temperatura-pana-la-530c","status":"publish","type":"product","link":"https:\/\/kraftworldtools.shop\/ro\/produs\/pistol-cu-aer-cald-cu-regulator-de-temperatura-pana-la-530c\/","title":{"rendered":"Pistol cu \u200b\u200baer cald cu regulator de temperatur\u0103 p\u00e2n\u0103 la 530\u00b0C."},"content":{"rendered":"<p>Tensiune: 36V<br \/>\nTemperatura de ie\u0219ire a aerului: 290 \/530 \u00b0C<br \/>\nDebit de aer: 109\/190 l\/min<br \/>\nGreutate (f\u0103r\u0103 baterie): 0,5 Kg<\/p>\n","protected":false},"excerpt":{"rendered":"<p>Tensiune: 36V Temperatura de ie\u0219ire a aerului: 290 \/530 \u00b0C Debit de aer: 109\/190 l\/min Greutate (f\u0103r\u0103 baterie): 0,5 Kg<\/p>\n","protected":false},"featured_media":1474,"comment_status":"open","ping_status":"closed","template":"","meta":{"iawp_total_views":15},"product_brand":[],"product_cat":[55],"product_tag":[],"class_list":{"0":"post-1472","1":"product","2":"type-product","3":"status-publish","4":"has-post-thumbnail","6":"product_cat-scule-pneumatice","8":"first","9":"instock","10":"sale","11":"shipping-taxable","12":"purchasable","13":"product-type-simple"},"_links":{"self":[{"href":"https:\/\/kraftworldtools.shop\/ro\/wp-json\/wp\/v2\/product\/1472","targetHints":{"allow":["GET"]}}],"collection":[{"href":"https:\/\/kraftworldtools.shop\/ro\/wp-json\/wp\/v2\/product"}],"about":[{"href":"https:\/\/kraftworldtools.shop\/ro\/wp-json\/wp\/v2\/types\/product"}],"replies":[{"embeddable":true,"href":"https:\/\/kraftworldtools.shop\/ro\/wp-json\/wp\/v2\/comments?post=1472"}],"version-history":[{"count":1,"href":"https:\/\/kraftworldtools.shop\/ro\/wp-json\/wp\/v2\/product\/1472\/revisions"}],"predecessor-version":[{"id":1475,"href":"https:\/\/kraftworldtools.shop\/ro\/wp-json\/wp\/v2\/product\/1472\/revisions\/1475"}],"wp:featuredmedia":[{"embeddable":true,"href":"https:\/\/kraftworldtools.shop\/ro\/wp-json\/wp\/v2\/media\/1474"}],"wp:attachment":[{"href":"https:\/\/kraftworldtools.shop\/ro\/wp-json\/wp\/v2\/media?parent=1472"}],"wp:term":[{"taxonomy":"product_brand","embeddable":true,"href":"https:\/\/kraftworldtools.shop\/ro\/wp-json\/wp\/v2\/product_brand?post=1472"},{"taxonomy":"product_cat","embeddable":true,"href":"https:\/\/kraftworldtools.shop\/ro\/wp-json\/wp\/v2\/product_cat?post=1472"},{"taxonomy":"product_tag","embeddable":true,"href":"https:\/\/kraftworldtools.shop\/ro\/wp-json\/wp\/v2\/product_tag?post=1472"}],"curies":[{"name":"wp","href":"https:\/\/api.w.org\/{rel}","templated":true}]}}