{"id":1462,"date":"2026-03-20T11:23:40","date_gmt":"2026-03-20T09:23:40","guid":{"rendered":"https:\/\/kraftworldtools.shop\/ro\/?post_type=product&#038;p=1462"},"modified":"2026-03-20T11:23:40","modified_gmt":"2026-03-20T09:23:40","slug":"trusa-de-scule-cvadrupla-cu-polizor-unghiular-cheie-compresor-si-surubelnita-cu-impact-4-baterii-si-1-incarcator-rapid","status":"publish","type":"product","link":"https:\/\/kraftworldtools.shop\/ro\/produs\/trusa-de-scule-cvadrupla-cu-polizor-unghiular-cheie-compresor-si-surubelnita-cu-impact-4-baterii-si-1-incarcator-rapid\/","title":{"rendered":"Trus\u0103 de scule cvadrupl\u0103 cu polizor unghiular, cheie, compresor \u0219i \u0219urubelni\u021b\u0103 cu impact. 4 baterii \u0219i 1 \u00eenc\u0103rc\u0103tor rapid"},"content":{"rendered":"<p>SPECIFICA\u021aII TEHNICE<\/p>\n<p>-MA\u0218IN\u0102 DE BURGHIT CU PERCU\u021aIE:<\/p>\n<p>Disc: 125 mm<br \/>\nPutere: 1800W<br \/>\nTura\u021bie la ralanti: 7000 rpm.<br \/>\nDimensiune orificiu interior: 22,23 mm<br \/>\nPornire lin\u0103<br \/>\nProtec\u021bie la repornire<br \/>\nGreutate: 3,5 kg<\/p>\n<p>-CHEIE:<\/p>\n<p>\u2022 Capacitate baterie: 8 Ah<br \/>\n\u2022 Tip motor: F\u0103r\u0103 perii<br \/>\n\u2022 Dimensiune m\u00e2ner: 1\/2 \u201c<br \/>\n\u2022 Tura\u021bie de mers \u00een gol: 0 \u2013 1600 min \u2013 1\/0 \u2013 2800 min -1<br \/>\n\u2022 Impulsuri pe minut: 0 \u2013 1800 min -1\/0 \u2013 3500 min -1<br \/>\n\u2022 Cuplu maxim: 850 Nm<\/p>\n<p>-ROAT\u0102 UNGHIULAR\u0102:<\/p>\n<p>Tensiune: 36V<br \/>\nPutere de ie\u0219ire: 800W<br \/>\nPutere de intrare: 1000W<br \/>\nGreutate: 1,75 kg<br \/>\nMotor f\u0103r\u0103 perii<br \/>\nM\u00e2ner rotativ cu 2 pozi\u021bii<\/p>\n<p>-EXCAVATOR:<\/p>\n<p>Tip mandrin\u0103: SDS-Plus<br \/>\nTensiune: 42 V<br \/>\nPutere de ie\u0219ire: 650 wa\u021bi<br \/>\nEnergie de impact: 2,6 J<br \/>\nTura\u021bie la gol: 0-1500 rpm<br \/>\nImpacturi pe minut: 0-5500 bpm<br \/>\nCapacitate maxim\u0103 de g\u0103urire (beton) 26 mm<br \/>\nCapacitate maxim\u0103 de g\u0103urire (lemn) 30 mm<br \/>\nCapacitate maxim\u0103 de g\u0103urire (metal): 13 mm<br \/>\nGreutate: 2,27 kg<br \/>\nTip baterie: Li-Ion<br \/>\n*Not\u0103: Bateriile \u0219i \u00eenc\u0103rc\u0103torul nu sunt incluse.<\/p>\n<p>Vitez\u0103 maxim\u0103 motor 1550 rpm<br \/>\nReglare vitez\u0103 Nu<br \/>\nEnergie impact 2,6 Joule<br \/>\nNum\u0103r maxim de impacturi 5680 bpm<br \/>\nFunc\u021bii Impact, Rota\u021bie, Rota\u021bie cu impact<br \/>\n\u00cen\u0219urubare DA<br \/>\nSuport SDS \u2013 SDS Plus (TE-C)<br \/>\nProtec\u021bie la blocare &#8211; Nu<br \/>\nF\u0103r\u0103 perii Da<\/p>\n","protected":false},"excerpt":{"rendered":"<p>SPECIFICA\u021aII TEHNICE -MA\u0218IN\u0102 DE BURGHIT CU PERCU\u021aIE: Disc: 125 mm Putere: 1800W Tura\u021bie la ralanti: 7000 rpm. Dimensiune orificiu interior:<\/p>\n","protected":false},"featured_media":1465,"comment_status":"open","ping_status":"closed","template":"","meta":{"iawp_total_views":149},"product_brand":[],"product_cat":[56],"product_tag":[],"class_list":{"0":"post-1462","1":"product","2":"type-product","3":"status-publish","4":"has-post-thumbnail","6":"product_cat-set-de-scule-electrice","8":"first","9":"instock","10":"sale","11":"shipping-taxable","12":"purchasable","13":"product-type-simple"},"_links":{"self":[{"href":"https:\/\/kraftworldtools.shop\/ro\/wp-json\/wp\/v2\/product\/1462","targetHints":{"allow":["GET"]}}],"collection":[{"href":"https:\/\/kraftworldtools.shop\/ro\/wp-json\/wp\/v2\/product"}],"about":[{"href":"https:\/\/kraftworldtools.shop\/ro\/wp-json\/wp\/v2\/types\/product"}],"replies":[{"embeddable":true,"href":"https:\/\/kraftworldtools.shop\/ro\/wp-json\/wp\/v2\/comments?post=1462"}],"version-history":[{"count":1,"href":"https:\/\/kraftworldtools.shop\/ro\/wp-json\/wp\/v2\/product\/1462\/revisions"}],"predecessor-version":[{"id":1466,"href":"https:\/\/kraftworldtools.shop\/ro\/wp-json\/wp\/v2\/product\/1462\/revisions\/1466"}],"wp:featuredmedia":[{"embeddable":true,"href":"https:\/\/kraftworldtools.shop\/ro\/wp-json\/wp\/v2\/media\/1465"}],"wp:attachment":[{"href":"https:\/\/kraftworldtools.shop\/ro\/wp-json\/wp\/v2\/media?parent=1462"}],"wp:term":[{"taxonomy":"product_brand","embeddable":true,"href":"https:\/\/kraftworldtools.shop\/ro\/wp-json\/wp\/v2\/product_brand?post=1462"},{"taxonomy":"product_cat","embeddable":true,"href":"https:\/\/kraftworldtools.shop\/ro\/wp-json\/wp\/v2\/product_cat?post=1462"},{"taxonomy":"product_tag","embeddable":true,"href":"https:\/\/kraftworldtools.shop\/ro\/wp-json\/wp\/v2\/product_tag?post=1462"}],"curies":[{"name":"wp","href":"https:\/\/api.w.org\/{rel}","templated":true}]}}