{"id":1457,"date":"2026-03-20T11:21:24","date_gmt":"2026-03-20T09:21:24","guid":{"rendered":"https:\/\/kraftworldtools.shop\/ro\/?post_type=product&#038;p=1457"},"modified":"2026-03-20T11:21:24","modified_gmt":"2026-03-20T09:21:24","slug":"valiza-cvadrupla-cu-cheie-roata-de-125-mm-surubelnita-cu-impact-si-cazmale","status":"publish","type":"product","link":"https:\/\/kraftworldtools.shop\/ro\/produs\/valiza-cvadrupla-cu-cheie-roata-de-125-mm-surubelnita-cu-impact-si-cazmale\/","title":{"rendered":"Valiz\u0103 cvadrupl\u0103 cu cheie, roat\u0103 de 125 mm, \u0219urubelni\u021b\u0103 cu impact \u0219i cazmale"},"content":{"rendered":"<p>Include:<\/p>\n<p>CHEIE CU 4 VITEZE KRAFTWORLD 180NM (2X 8AH)<\/p>\n<p>ROAT\u0102 CU BATERIE KRAFTWORLD 125MM 2X8AH CU REGLARE VITEZ\u0102<\/p>\n<p>MA\u0218IN\u0102 DE G\u0102URIT CU IMPACT KRAFTWORLD 36 V 2X 8AH<\/p>\n<p>CUPLIERE CU IMPACT KRAFTWORLD 2 BATERII 36V CU SDS PLUS<\/p>\n<p>Descriere:<\/p>\n<p>CHEIE CU 4 VITEZE KRAFTWORLD 180NM (2X5AH)<\/p>\n<p>Tensiune: 36 V<br \/>\nTura\u021bie la gol: 0-3600 rpm<br \/>\nImpacturi pe minut: 0-3800 ipm<br \/>\nCuplu maxim: 180 Nm<br \/>\nCapacitate \u0219urub: M5-M16<br \/>\nGreutate: 1,2 kg<\/p>\n<p>TIP MOTOR F\u0103r\u0103 perii<br \/>\nTensiune (V) 36 V<br \/>\nBaterii 2 baterii<br \/>\nGaran\u021bie 1+2 ani suplimentari cu prelungire<br \/>\nCapacitate baterie 8 Ah<br \/>\nInclude hus\u0103 Da<br \/>\nCuplu (Nm) 100-19<\/p>\n<p>ROAT\u0102 BATERIE KRAFTWORLD 125MM 2X 8 AH CU REGLARE VITEZ\u0102<\/p>\n<p>\u2013 Tura\u021bie maxim\u0103 motor 8500 rpm<br \/>\n\u2013 Reglare vitez\u0103 Da<br \/>\n\u2013 Diametru maxim disc 115 mm<br \/>\n\u2013 Filet ax M14<br \/>\n\u2013 F\u0103r\u0103 perii<br \/>\n\u2013 Greutate (net\u0103) 3100 gr<br \/>\n\u2013 Hus\u0103 de transport cu m\u00e2ner<\/p>\n<p>MA\u0218IN\u0102 DE G\u0102URIT CU IMPACT KRAFTWORLD 36V 2X8AH Ma\u0219ina de g\u0103urit cu impact de la compania KraftWorld func\u021bioneaz\u0103 cu o baterie KraftWorld de 36V. Este potrivit\u0103 at\u00e2t pentru \u00een\u0219urubare &#8211; de\u0219urubare, c\u00e2t \u0219i pentru deschiderea unei g\u0103uri. Mai precis, g\u0103ure\u0219te \u00een lemn cu un diametru al g\u0103urii de p\u00e2n\u0103 la 38 mm, o\u021bel cu un diametru al g\u0103urii de p\u00e2n\u0103 la 13 mm \u0219i diverse alte materiale de construc\u021bie.<\/p>\n<p>Tensiune: 36V<br \/>\nCapacitate baterie: 8 Ah<br \/>\nImpact<br \/>\nLumin\u0103 \u00eencorporat\u0103<br \/>\nTip baterie compatibil\u0103: 36 V LXT<\/p>\n<p>EXCAVATOR DE IMPACT KRAFTWORLD 2 BATERII 36 V CU SDS PLUS<\/p>\n<p>Excavator de la compania Kraft World, cu o baterie litiu de 36 V cu o capacitate de 8 Ah. Are func\u021bie de impact pentru sculptare \u00een diverse materiale de construc\u021bie, func\u021bie de rota\u021bie f\u0103r\u0103 impact pentru g\u0103urire \u00een materiale cu duritate redus\u0103 \u0219i capacitatea de rotire cu impact pentru g\u0103urire \u00een materiale cu duritate ridicat\u0103, cum ar fi betonul. De asemenea, are o priz\u0103 SDS &#8211; SDS Plus (TE-C) pentru o performan\u021b\u0103 mai bun\u0103 \u00een rota\u021bie cu impact fa\u021b\u0103 de celelalte (potrivit pentru lucrul \u00een beton sau piatr\u0103) \u0219i schimbare u\u0219oar\u0103 a burghielor care se poate face chiar \u0219i cu o singur\u0103 m\u00e2n\u0103. De asemenea, are capacitatea de a regla viteza p\u00e2n\u0103 la 1100 rpm pentru a o ajusta \u00een func\u021bie de lucrarea pe care dori\u021bi s\u0103 o efectua\u021bi, func\u021bie de \u00een\u0219urubare\/de\u0219urubare \u0219i protec\u021bie la blocare pentru a evita accident\u0103rile \u00een cazul \u00een care unealta se blocheaz\u0103 \u00een timpul utiliz\u0103rii \u00eentr-un material dur. \u00cen cele din urm\u0103, are un motor cu tehnologie nou\u0103, f\u0103r\u0103 radiatoare, care ofer\u0103 o autonomie mai mare, durabilitate \u0219i reduce nevoile de \u00eentre\u021binere \u0219i de piese de schimb.<\/p>\n<p>Specifica\u021bii tehnice:<\/p>\n<p>Vitez\u0103 maxim\u0103 a motorului: 1100 rpm<br \/>\nEnergie de impact: 2 Joule<br \/>\nNum\u0103r maxim de impacturi: 4000 bpm<br \/>\nTip baterie compatibil\u0103: Kraft World 36 V LXT<\/p>\n<p>Utilizatorii care l-au achizi\u021bionat \u00eel disting \u00een principal prin puterea sa \u0219i prin m\u00e2nerul confortabil.<\/p>\n<p>Func\u021bii<br \/>\nImpact, Rota\u021bie, Rota\u021bie cu impact<\/p>\n<p>\u00cen\u0219urubare\/De\u0219urubare<br \/>\nDa<\/p>\n<p>Priz\u0103<br \/>\nSDS \u2013 SDS Plus (TE-C)<\/p>\n<p>Protec\u021bie la blocare<br \/>\nDa<\/p>\n<p>F\u0103r\u0103 perii<br \/>\nDa<\/p>\n<p>Greutate (net\u0103)<br \/>\n3500 gr<\/p>\n<p>Suplimentar<br \/>\nHus\u0103 de transport<br \/>\nHus\u0103 rigid\u0103<br \/>\nM\u00e2ner inclus<br \/>\nDa<br \/>\nLumin\u0103 \u00eencorporat\u0103<br \/>\nDa<br \/>\nGhid<\/p>\n","protected":false},"excerpt":{"rendered":"<p>Include: CHEIE CU 4 VITEZE KRAFTWORLD 180NM (2X 8AH) ROAT\u0102 CU BATERIE KRAFTWORLD 125MM 2X8AH CU REGLARE VITEZ\u0102 MA\u0218IN\u0102 DE<\/p>\n","protected":false},"featured_media":1458,"comment_status":"open","ping_status":"closed","template":"","meta":{"iawp_total_views":175},"product_brand":[],"product_cat":[56],"product_tag":[],"class_list":{"0":"post-1457","1":"product","2":"type-product","3":"status-publish","4":"has-post-thumbnail","6":"product_cat-set-de-scule-electrice","8":"first","9":"instock","10":"sale","11":"shipping-taxable","12":"purchasable","13":"product-type-simple"},"_links":{"self":[{"href":"https:\/\/kraftworldtools.shop\/ro\/wp-json\/wp\/v2\/product\/1457","targetHints":{"allow":["GET"]}}],"collection":[{"href":"https:\/\/kraftworldtools.shop\/ro\/wp-json\/wp\/v2\/product"}],"about":[{"href":"https:\/\/kraftworldtools.shop\/ro\/wp-json\/wp\/v2\/types\/product"}],"replies":[{"embeddable":true,"href":"https:\/\/kraftworldtools.shop\/ro\/wp-json\/wp\/v2\/comments?post=1457"}],"version-history":[{"count":1,"href":"https:\/\/kraftworldtools.shop\/ro\/wp-json\/wp\/v2\/product\/1457\/revisions"}],"predecessor-version":[{"id":1461,"href":"https:\/\/kraftworldtools.shop\/ro\/wp-json\/wp\/v2\/product\/1457\/revisions\/1461"}],"wp:featuredmedia":[{"embeddable":true,"href":"https:\/\/kraftworldtools.shop\/ro\/wp-json\/wp\/v2\/media\/1458"}],"wp:attachment":[{"href":"https:\/\/kraftworldtools.shop\/ro\/wp-json\/wp\/v2\/media?parent=1457"}],"wp:term":[{"taxonomy":"product_brand","embeddable":true,"href":"https:\/\/kraftworldtools.shop\/ro\/wp-json\/wp\/v2\/product_brand?post=1457"},{"taxonomy":"product_cat","embeddable":true,"href":"https:\/\/kraftworldtools.shop\/ro\/wp-json\/wp\/v2\/product_cat?post=1457"},{"taxonomy":"product_tag","embeddable":true,"href":"https:\/\/kraftworldtools.shop\/ro\/wp-json\/wp\/v2\/product_tag?post=1457"}],"curies":[{"name":"wp","href":"https:\/\/api.w.org\/{rel}","templated":true}]}}