{"id":1439,"date":"2026-03-20T11:09:45","date_gmt":"2026-03-20T09:09:45","guid":{"rendered":"https:\/\/kraftworldtools.shop\/ro\/?post_type=product&#038;p=1439"},"modified":"2026-03-20T11:09:46","modified_gmt":"2026-03-20T09:09:46","slug":"nivela-laser-kraftworld-cu-16-linii-cu-baza-ridicatoare-suport-de-perete-telecomanda","status":"publish","type":"product","link":"https:\/\/kraftworldtools.shop\/ro\/produs\/nivela-laser-kraftworld-cu-16-linii-cu-baza-ridicatoare-suport-de-perete-telecomanda\/","title":{"rendered":"Nivel\u0103 laser Kraftworld cu 16 linii, cu baz\u0103 ridic\u0103toare, suport de perete, telecomand\u0103."},"content":{"rendered":"<p>Nivel\u0103 4D cu autonivelare cu fascicule verzi.<\/p>\n<p>16 linii 4 nivele (puncte)<\/p>\n<p>Laser clasa 2.530nm (VERDE)<\/p>\n<p>Distan\u021ba minim\u0103 a fasciculului orizontal fa\u021b\u0103 de sol 7 milimetri!!!!<\/p>\n<p>Raz\u0103 de ac\u021biune 30 de metri<\/p>\n<p>Nivel de protec\u021bie: IP54 Rezistent la umiditate \u0219i praf<\/p>\n<p>Baterie 3.6v 6000mAh (litiu ion) autonomie de p\u00e2n\u0103 la 16 ore<\/p>\n<p>Dimensiuni: 130mm\/80mm\/135mm<\/p>\n<p>Precizie de m\u0103surare: 1 milimetru la 7 metri<\/p>\n<p>Timp de lucru: 12-16 ore<\/p>\n<p>Posibilitatea de a deschide \u0219i \u00eenchide fiecare fascicul separat de la nivel\u0103 \u0219i de la un computer.<\/p>\n<p>Posibilitatea de a lucra cu un adaptor atunci c\u00e2nd bateriile sunt desc\u0103rcate.<\/p>\n<p>Unghi de lucru 3\u00b0 (\u00een cazul unui unghi mai mare, nivela \u00eencepe s\u0103 scoat\u0103 un sunet puternic pentru a semnala incapacitatea de aliniere).<\/p>\n<p>Exist\u0103 posibilitatea de a dezactiva alarma pentru a lucra la un unghi mai mare de c\u00e2teva grade.<\/p>\n<p>Setul include:<\/p>\n<p>\u2022 computer pentru utilizare la distan\u021b\u0103<\/p>\n<p>\u2022 suport magnetic pentru perete<\/p>\n<p>\u2022 trepied<\/p>\n<p>\u2022 baz\u0103 pentru reglarea \u00een\u0103l\u021bimii fa\u021b\u0103 de podea<\/p>\n<p>\u2022 lam\u0103 metalic\u0103<\/p>\n<p>\u2022 conector pentru baz\u0103<\/p>\n<p>\u2022 conector de aliniere pentru baz\u0103<\/p>\n<p>\u2022 ochelari<\/p>\n<p>\u2022 \u00eenc\u0103rc\u0103tor<\/p>\n<p>\u2022 valiz\u0103<\/p>\n","protected":false},"excerpt":{"rendered":"<p>Nivel\u0103 4D cu autonivelare cu fascicule verzi. 16 linii 4 nivele (puncte) Laser clasa 2.530nm (VERDE) Distan\u021ba minim\u0103 a fasciculului<\/p>\n","protected":false},"featured_media":1440,"comment_status":"open","ping_status":"closed","template":"","meta":{"iawp_total_views":26},"product_brand":[],"product_cat":[53],"product_tag":[],"class_list":{"0":"post-1439","1":"product","2":"type-product","3":"status-publish","4":"has-post-thumbnail","6":"product_cat-scule-electrice","8":"first","9":"instock","10":"sale","11":"shipping-taxable","12":"purchasable","13":"product-type-simple"},"_links":{"self":[{"href":"https:\/\/kraftworldtools.shop\/ro\/wp-json\/wp\/v2\/product\/1439","targetHints":{"allow":["GET"]}}],"collection":[{"href":"https:\/\/kraftworldtools.shop\/ro\/wp-json\/wp\/v2\/product"}],"about":[{"href":"https:\/\/kraftworldtools.shop\/ro\/wp-json\/wp\/v2\/types\/product"}],"replies":[{"embeddable":true,"href":"https:\/\/kraftworldtools.shop\/ro\/wp-json\/wp\/v2\/comments?post=1439"}],"version-history":[{"count":1,"href":"https:\/\/kraftworldtools.shop\/ro\/wp-json\/wp\/v2\/product\/1439\/revisions"}],"predecessor-version":[{"id":1442,"href":"https:\/\/kraftworldtools.shop\/ro\/wp-json\/wp\/v2\/product\/1439\/revisions\/1442"}],"wp:featuredmedia":[{"embeddable":true,"href":"https:\/\/kraftworldtools.shop\/ro\/wp-json\/wp\/v2\/media\/1440"}],"wp:attachment":[{"href":"https:\/\/kraftworldtools.shop\/ro\/wp-json\/wp\/v2\/media?parent=1439"}],"wp:term":[{"taxonomy":"product_brand","embeddable":true,"href":"https:\/\/kraftworldtools.shop\/ro\/wp-json\/wp\/v2\/product_brand?post=1439"},{"taxonomy":"product_cat","embeddable":true,"href":"https:\/\/kraftworldtools.shop\/ro\/wp-json\/wp\/v2\/product_cat?post=1439"},{"taxonomy":"product_tag","embeddable":true,"href":"https:\/\/kraftworldtools.shop\/ro\/wp-json\/wp\/v2\/product_tag?post=1439"}],"curies":[{"name":"wp","href":"https:\/\/api.w.org\/{rel}","templated":true}]}}