{"id":1581,"date":"2026-03-20T12:11:29","date_gmt":"2026-03-20T10:11:29","guid":{"rendered":"https:\/\/kraftworldtools.shop\/ro\/?page_id=1581"},"modified":"2026-03-20T12:11:30","modified_gmt":"2026-03-20T10:11:30","slug":"termeni-de-utilizare","status":"publish","type":"page","link":"https:\/\/kraftworldtools.shop\/ro\/termeni-de-utilizare\/","title":{"rendered":"Termeni de utilizare"},"content":{"rendered":"\n<p>Site-ul web kraftworldtools.shop include magazinul online, care reprezint\u0103 prezen\u021ba electronic\u0103 a companiei sub numele C.B. MONOPROSOPI I.K.E. (CIF 801560875, CIF 159156209000, Oficiul Fiscal Glyfada). Sediul central al companiei se afl\u0103 \u00een Atena, Terpsitheas 49, Paleo Faliro.<\/p>\n\n\n\n<p>\u201eC.B. MONOPROSOPI I.K.E.\u201d depune toate eforturile zilnic pentru a oferi clien\u021bilor companiei cele mai semnificative servicii posibile. Crearea acestui magazin online marcheaz\u0103 \u00eenceputul unei forme de comunicare avansat\u0103 \u00eentre companie \u0219i clien\u021bii no\u0219tri. Magazinul online creat se adreseaz\u0103 tuturor utilizatorilor de internet care doresc s\u0103 fie informa\u021bi imediat despre produsele oferite de compania noastr\u0103, \u00een combina\u021bie cu posibilitatea de a face achizi\u021bii prin intermediul magazinului online, \u00een urma unei comenzi online de la distan\u021b\u0103, \u00eentotdeauna sub rezerva stocurilor adecvate ale companiei.<\/p>\n\n\n\n<p>Acesta \u00ee\u0219i propune s\u0103 ofere servicii imediate \u0219i satisfac\u021bia clien\u021bilor, demonstr\u00e2nd responsabilitatea continu\u0103 pe care o demonstreaz\u0103 pe tot parcursul dezvolt\u0103rii afacerii sale \u0219i cultivarea \u00eencrederii.<\/p>\n\n\n\n<p>Ace\u0219ti termeni sunt pe deplin compatibili cu legisla\u021bia european\u0103 \u0219i greac\u0103 actual\u0103, utilizatorii recunosc\u00e2nd dreptul companiei de a modifica prevederile acestor termeni, \u00een m\u0103sura \u00een care acestea nu afecteaz\u0103 obliga\u021biile sale legale \u0219i f\u0103r\u0103 a afecta faptul \u00eemplinit.<\/p>\n\n\n\n<p>Utilizatorul site-ului web recunoa\u0219te c\u0103 a citit ace\u0219ti termeni, este de acord cu ei \u0219i \u00ee\u0219i asum\u0103 obliga\u021bia de a-i respecta.<\/p>\n\n\n\n<p>Pentru noi, clientul este obliga\u021bia noastr\u0103 s\u0103 fie \u00eentotdeauna informat \u0219i \u00een siguran\u021b\u0103. Din acest motiv, inform\u0103m clien\u021bii magazinului nostru online despre urm\u0103toarele aspecte:<\/p>\n\n\n\n<p>CITI\u021aI MAI JOS TERMENII \u0218I CONDI\u021aIILE GENERALE ALE COMPANIEI NOASTRE<\/p>\n\n\n\n<ol class=\"wp-block-list\">\n<li>PROTEC\u021aIA DATELOR CU CARACTER PERSONAL<br>Pentru a efectua orice tranzac\u021bie prin intermediul magazinului online kraftworldtools.gr pentru a comanda produsele companiei, vi se va solicita s\u0103 furniza\u021bi unele dintre informa\u021biile dumneavoastr\u0103 personale. C\u00e2nd plasa\u021bi o comand\u0103, v\u0103 vom solicita numele complet, adresa la care vor fi expediate produsele, num\u0103rul de telefon fix (sau orice alt num\u0103r de telefon dori\u021bi), adresa de e-mail \u0219i, \u00een cazul \u00een care alege\u021bi s\u0103 efectua\u021bi pl\u0103\u021bile prin card de credit, num\u0103rul, data de expirare a cardului, precum \u0219i codul de securitate din trei cifre.<\/li>\n<\/ol>\n\n\n\n<p>Aceste date sunt prelucrate de companie \u00een conformitate cu aplicarea articolului 7A alin. 1 lit. b) din Legea 2472\/1997, \u00een scopul implement\u0103rii comenzii plasate de client \u0219i nu vor fi divulgate, f\u0103cute publice sau v\u00e2ndute c\u0103tre ter\u021bi \u00een niciun fel, cu excep\u021bia cazului \u00een care se ini\u021biaz\u0103 procedura stabilit\u0103 de legisla\u021bie pentru ridicarea confiden\u021bialit\u0103\u021bii (Legea 2225\/1994) sau orice obliga\u021bii care decurg din implementarea la nivel na\u021bional a Directivei 24\/2006.<\/p>\n\n\n\n<p>Informa\u021biile dumneavoastr\u0103 personale sunt divulgate b\u0103ncii competente (de exemplu, num\u0103rul cardului de credit) \u0219i sunt \u0218TERSE din baza noastr\u0103 de date imediat dup\u0103 finalizarea comenzii dumneavoastr\u0103, asigur\u00e2nd astfel un nivel \u0219i mai ridicat de securitate.<\/p>\n\n\n\n<p>Mai multe informa\u021bii pe pagina cu politica de confiden\u021bialitate.<\/p>\n\n\n\n<ol start=\"2\" class=\"wp-block-list\">\n<li>SECURITATE<br>Site-ul kraftworldtools.gr utilizeaz\u0103 protocolul SSL pentru tranzac\u021bii comerciale online securizate. \u00cen acest fel, toate informa\u021biile despre cardul de credit sunt criptate, astfel \u00eenc\u00e2t s\u0103 nu poat\u0103 fi citite sau modificate \u00een timpul transmiterii prin internet.<\/li>\n<\/ol>\n\n\n\n<p>Protocolul SSL (SecureSocketsLayer) este \u00een prezent standardul global pe internet pentru autentificarea site-urilor web pentru utilizatorii web \u0219i pentru criptarea datelor dintre utilizatorii web \u0219i serverele web. O comunicare SSL criptat\u0103 necesit\u0103 ca toate informa\u021biile trimise \u00eentre un client \u0219i un server s\u0103 fie criptate de software-ul expeditor \u0219i decriptate de software-ul receptor, protej\u00e2nd astfel informa\u021biile personale \u00een timpul transmiterii. \u00cen plus, toate informa\u021biile trimise cu protocolul SSL sunt protejate de un mecanism care verific\u0103 automat dac\u0103 datele au fost modificate \u00een timpul transmiterii.<\/p>\n\n\n\n<ol start=\"3\" class=\"wp-block-list\">\n<li>PROTEC\u021aIA DATELOR<br>Creatorii de fotografii ca opere originale de proprietate intelectual\u0103, \u00een conformitate cu prevederile articolului 2\u00a7 1 din Conven\u021bia Interna\u021bional\u0103 de la Berna-Paris, ale articolului 2 \u00a7 1 din Legea 2121\/1993, \u00een vigoare \u00een prezent, \u0219i ale Directivei 93\/98 CE, au convenit s\u0103 transfere automat (conform articolului 32 \u00a7 2 din Legea 2121\/93, \u00een vigoare \u00een prezent) c\u0103tre \u201eCompania\u201d dreptul de proprietate \u0219i toate puterile acestora cu privire la fiecare fotografie pe care o vor crea \u0219i au acceptat c\u0103 \u201eCompania\u201d va avea dreptul de exploatare deplin\u0103 a acestor opere f\u0103r\u0103 limitare, precum \u0219i drepturile de modificare, reproducere, integrare \u0219i multiplicare pe \u00eentreaga lor durat\u0103 (articolul 9 din Tratatul OMPI privind proprietatea intelectual\u0103, ratificat de Grecia prin Legea 3184\/2003).<\/li>\n<\/ol>\n","protected":false},"excerpt":{"rendered":"<p>Site-ul web kraftworldtools.shop include magazinul online, care reprezint\u0103 prezen\u021ba electronic\u0103 a companiei sub numele C.B. MONOPROSOPI I.K.E. (CIF 801560875, CIF<\/p>\n","protected":false},"author":1,"featured_media":0,"parent":0,"menu_order":0,"comment_status":"closed","ping_status":"closed","template":"","meta":{"iawp_total_views":3,"footnotes":""},"class_list":["post-1581","page","type-page","status-publish","hentry"],"_links":{"self":[{"href":"https:\/\/kraftworldtools.shop\/ro\/wp-json\/wp\/v2\/pages\/1581","targetHints":{"allow":["GET"]}}],"collection":[{"href":"https:\/\/kraftworldtools.shop\/ro\/wp-json\/wp\/v2\/pages"}],"about":[{"href":"https:\/\/kraftworldtools.shop\/ro\/wp-json\/wp\/v2\/types\/page"}],"author":[{"embeddable":true,"href":"https:\/\/kraftworldtools.shop\/ro\/wp-json\/wp\/v2\/users\/1"}],"replies":[{"embeddable":true,"href":"https:\/\/kraftworldtools.shop\/ro\/wp-json\/wp\/v2\/comments?post=1581"}],"version-history":[{"count":1,"href":"https:\/\/kraftworldtools.shop\/ro\/wp-json\/wp\/v2\/pages\/1581\/revisions"}],"predecessor-version":[{"id":1583,"href":"https:\/\/kraftworldtools.shop\/ro\/wp-json\/wp\/v2\/pages\/1581\/revisions\/1583"}],"wp:attachment":[{"href":"https:\/\/kraftworldtools.shop\/ro\/wp-json\/wp\/v2\/media?parent=1581"}],"curies":[{"name":"wp","href":"https:\/\/api.w.org\/{rel}","templated":true}]}}